{"id":15,"date":"2022-06-17T16:57:25","date_gmt":"2022-06-17T16:57:25","guid":{"rendered":"https:\/\/sovd-ov-husum.de\/?page_id=15"},"modified":"2025-01-30T10:32:32","modified_gmt":"2025-01-30T09:32:32","slug":"startseite","status":"publish","type":"page","link":"https:\/\/sovd-ov-husum.de\/","title":{"rendered":"Herzlich willkommen beim SoVD OV Husum"},"content":{"rendered":"\n<p class=\"has-medium-font-size\">Der Sozialverband Deutschland, Landesverband Schleswig-Holstein, ist ein gemeinn\u00fctziger Verband. Inzwischen haben sich dem SoVD Schleswig-Holstein mehr als 160.000 Menschen angeschlossen. Damit sind wir einer der gr\u00f6\u00dften Vereine zwischen Nord- und Ostsee.<br>Der SoVD Kreisverband Nordfriesland ist einer von 14 Kreisverb\u00e4nden in Schleswig\u2013Holstein. In Husum gibt es fast 3.000 Mitglieder, die Tendenz ist steigend. Dies zeigt u.a. die vielf\u00e4ltigen sozialen Probleme vieler Menschen.<br>Im Kreisverband Nordfriesland gibt es 54 Ortsverb\u00e4nde.<\/p>\n\n\n\n<p class=\"has-medium-font-size\"><br>Das Motto aller Ortsverb\u00e4nde kann man unter dem Slogan: <\/p>\n\n\n\n<p class=\"has-text-align-center has-medium-font-size\"><strong>\u201eGemeinsam statt einsam\u201c <\/strong><\/p>\n\n\n\n<p class=\"has-medium-font-size\">treffend zusammenfassen.<\/p>\n\n\n\n<p class=\"has-medium-font-size\"><br>Die Ortsverb\u00e4nde sind die Kontaktstellen zu den Mitgliedern. Sie bieten regelm\u00e4\u00dfige Treffen, Informationen zu sozialpolitischen Themen, Vortr\u00e4ge, gem\u00fctliches Beisammensein, Feste, gemeinsame Essen \/ Fr\u00fchst\u00fccken, Tages- und Mehrtagesfahrten u.v.a.<\/p>\n\n\n\n<p class=\"has-text-color has-medium-font-size\" style=\"color:#d53535\"><br>Die individuelle Beratung in sozialen Angelegenheiten findet nach Anmeldung im Sozialberatungszentrum in der Industriestrasse 33 statt (Tel. 04841-77285-0) oder per Mail an: Kreisverband-nf(at)Sovd-sh.de<\/p>\n\n\n\n<p class=\"has-medium-font-size\"><br>In diesen Bereichen kann und darf der SoVD beratend helfen:<\/p>\n\n\n\n<ul class=\"wp-block-list has-medium-font-size\">\n<li>Gesetzliche Rentenversicherung<\/li>\n\n\n\n<li>Gesetzliche Krankenversicherung<\/li>\n\n\n\n<li>Gesetzliche Unfallversicherung<\/li>\n\n\n\n<li>Pflegeversicherung<\/li>\n\n\n\n<li>Arbeitslosenversicherung<\/li>\n\n\n\n<li>Eingliederungshilfe<\/li>\n\n\n\n<li>Schwerbehindertenrecht<\/li>\n<\/ul>\n\n\n\n<p class=\"has-medium-font-size\">All das sind Leistungen, die Ihr Leben verbessern \u2013 SoVD-Mitglied sein, lohnt sich! All das ist so schon kompliziert genug. Noch schwieriger wird es, wenn Probleme auftreten<\/p>\n\n\n\n<h3 class=\"wp-block-heading\"><\/h3>\n\n\n\n<p><\/p>\n\n\n\n<p class=\"has-medium-font-size\">Die Beratung erstreckt sich von der Hilfe bei der Antragstellung \u00fcber Widerspruchsverfahren bis zur Vertretung vor Sozialgerichten.<\/p>\n\n\n\n<p class=\"has-medium-font-size\"><br>Die Mitgliedschaft kostet 7,90 \u20ac (Einzelbeitrag), 11,50 \u20ac (Partnerbeitrag), 11,50 \u20ac Familienbeitrag.<\/p>\n\n\n\n<p class=\"has-medium-font-size\"><br>Im Mitgliedsbeitrag ist der Bezug der SoVD \u2013 Zeitung (Soziales im Blick), die monatlich (au\u00dfer August) erscheint, eingeschlossen. Die Zeitung bietet aktuelle Informationen und Unterhaltsames und erfreut sich gro\u00dfer Beliebtheit bei den Mitgliedern. Dieser Zeitung beigef\u00fcgt gibt es auch immer eine Info (s. Aktuelles), die \u00fcber die monatlichen Aktivit\u00e4ten des Ortsverbandes Husum informiert,<\/p>\n","protected":false},"excerpt":{"rendered":"<p>Der Sozialverband Deutschland, Landesverband Schleswig-Holstein, ist ein gemeinn\u00fctziger Verband. Inzwischen haben sich dem SoVD Schleswig-Holstein mehr als 160.000 Menschen angeschlossen. Damit sind wir einer der gr\u00f6\u00dften Vereine zwischen Nord- und [&hellip;]<\/p>\n","protected":false},"author":1,"featured_media":0,"parent":0,"menu_order":0,"comment_status":"closed","ping_status":"closed","template":"","meta":{"footnotes":""},"class_list":["post-15","page","type-page","status-publish","hentry"],"_links":{"self":[{"href":"https:\/\/sovd-ov-husum.de\/index.php?rest_route=\/wp\/v2\/pages\/15","targetHints":{"allow":["GET"]}}],"collection":[{"href":"https:\/\/sovd-ov-husum.de\/index.php?rest_route=\/wp\/v2\/pages"}],"about":[{"href":"https:\/\/sovd-ov-husum.de\/index.php?rest_route=\/wp\/v2\/types\/page"}],"author":[{"embeddable":true,"href":"https:\/\/sovd-ov-husum.de\/index.php?rest_route=\/wp\/v2\/users\/1"}],"replies":[{"embeddable":true,"href":"https:\/\/sovd-ov-husum.de\/index.php?rest_route=%2Fwp%2Fv2%2Fcomments&post=15"}],"version-history":[{"count":16,"href":"https:\/\/sovd-ov-husum.de\/index.php?rest_route=\/wp\/v2\/pages\/15\/revisions"}],"predecessor-version":[{"id":579,"href":"https:\/\/sovd-ov-husum.de\/index.php?rest_route=\/wp\/v2\/pages\/15\/revisions\/579"}],"wp:attachment":[{"href":"https:\/\/sovd-ov-husum.de\/index.php?rest_route=%2Fwp%2Fv2%2Fmedia&parent=15"}],"curies":[{"name":"wp","href":"https:\/\/api.w.org\/{rel}","templated":true}]}}