{"id":23,"date":"2022-06-17T17:04:16","date_gmt":"2022-06-17T17:04:16","guid":{"rendered":"https:\/\/sovd-ov-husum.de\/?page_id=23"},"modified":"2026-04-28T11:33:21","modified_gmt":"2026-04-28T09:33:21","slug":"aktuelles","status":"publish","type":"page","link":"https:\/\/sovd-ov-husum.de\/?page_id=23","title":{"rendered":"Aktuelles"},"content":{"rendered":"\n<p class=\"has-medium-font-size\"><strong>Auf dieser Seite finden Sie aktuelle Informationen zu den Aktivit\u00e4ten in unserem Ortsverband. Im oberen Bereich wird jeweils die terminlich n\u00e4chste Veranstaltung angezeigt.                                                              Darunter stehen unsere ver\u00f6ffentlichten Infos bzw. Mitgliederbriefe. Um sie lesen zu k\u00f6nnen, m\u00fcssen Sie die Info nur ausw\u00e4hlen, sie wird dann angezeigt und kann dann gelesen werden.<\/strong><\/p>\n\n\n\n<figure class=\"wp-block-table has-medium-font-size\"><table class=\"has-vivid-red-color has-text-color\"><tbody><tr><td><strong>Vereinsmitteilung<\/strong><\/td><\/tr><tr><td>1. Suche nach einer Vorsitzenden oder einem Vorsitzenden: Bitte lesen Sie dazu mehr auf der Seite &#8220;Vorstand&#8221;&nbsp;&nbsp; <br>2. Ab dem Februar 2026 kostet der Kinobesuch f\u00fcr den \u00fcber den \u00fcber den SoVD angebotenen Kinofilm 7,00 Euro<br><br>Herzliche Gr\u00fc\u00dfe,<br>Der Vorstand<\/td><\/tr><\/tbody><\/table><\/figure>\n\n\n\n<p><\/p>\n\n\n\n<p><a href=\"https:\/\/sovd-ov-husum.de\/wp-content\/uploads\/2026\/04\/Mitgliederbrief-Mai.pdf\" data-type=\"attachment\" data-id=\"768\">Mitgliederbrief 05.2026<\/a><\/p>\n\n\n\n<p><a href=\"https:\/\/sovd-ov-husum.de\/wp-content\/uploads\/2026\/04\/Mitgliederbrief-042026-1.pdf\" data-type=\"attachment\" data-id=\"762\"><strong>Mitgliederbrief 04.2026<\/strong><\/a><\/p>\n\n\n\n<p><a href=\"https:\/\/sovd-ov-husum.de\/wp-content\/uploads\/2026\/03\/Mitgliederbrief-03.2026_Internet.pdf\" data-type=\"attachment\" data-id=\"735\"><strong>Mitgliederbrief 03.2026<\/strong><\/a><\/p>\n\n\n\n<p><a href=\"https:\/\/sovd-ov-husum.de\/wp-content\/uploads\/2026\/01\/Mitgliederbrief-02.2026.pdf\" data-type=\"attachment\" data-id=\"727\">Mitgliederbrief 02.2026<\/a><\/p>\n\n\n\n<p><a href=\"https:\/\/sovd-ov-husum.de\/wp-content\/uploads\/2026\/01\/Mitgliederbrief-01.2026_internet.pdf\" data-type=\"attachment\" data-id=\"711\"><strong>Mitgliederbrief 01.202<\/strong><\/a><strong>6<\/strong><\/p>\n\n\n\n<p><\/p>\n\n\n\n<p><\/p>\n\n\n\n<p><\/p>\n\n\n\n<p><\/p>\n\n\n\n<p><\/p>\n\n\n\n<p><\/p>\n\n\n\n<p><\/p>\n\n\n\n<p><\/p>\n\n\n\n<p><\/p>\n\n\n\n<p><\/p>\n","protected":false},"excerpt":{"rendered":"<p>Auf dieser Seite finden Sie aktuelle Informationen zu den Aktivit\u00e4ten in unserem Ortsverband. Im oberen Bereich wird jeweils die terminlich n\u00e4chste Veranstaltung angezeigt. Darunter stehen unsere ver\u00f6ffentlichten Infos bzw. Mitgliederbriefe. [&hellip;]<\/p>\n","protected":false},"author":1,"featured_media":0,"parent":0,"menu_order":0,"comment_status":"closed","ping_status":"closed","template":"","meta":{"footnotes":""},"class_list":["post-23","page","type-page","status-publish","hentry"],"_links":{"self":[{"href":"https:\/\/sovd-ov-husum.de\/index.php?rest_route=\/wp\/v2\/pages\/23","targetHints":{"allow":["GET"]}}],"collection":[{"href":"https:\/\/sovd-ov-husum.de\/index.php?rest_route=\/wp\/v2\/pages"}],"about":[{"href":"https:\/\/sovd-ov-husum.de\/index.php?rest_route=\/wp\/v2\/types\/page"}],"author":[{"embeddable":true,"href":"https:\/\/sovd-ov-husum.de\/index.php?rest_route=\/wp\/v2\/users\/1"}],"replies":[{"embeddable":true,"href":"https:\/\/sovd-ov-husum.de\/index.php?rest_route=%2Fwp%2Fv2%2Fcomments&post=23"}],"version-history":[{"count":151,"href":"https:\/\/sovd-ov-husum.de\/index.php?rest_route=\/wp\/v2\/pages\/23\/revisions"}],"predecessor-version":[{"id":770,"href":"https:\/\/sovd-ov-husum.de\/index.php?rest_route=\/wp\/v2\/pages\/23\/revisions\/770"}],"wp:attachment":[{"href":"https:\/\/sovd-ov-husum.de\/index.php?rest_route=%2Fwp%2Fv2%2Fmedia&parent=23"}],"curies":[{"name":"wp","href":"https:\/\/api.w.org\/{rel}","templated":true}]}}