{"id":240,"date":"2022-11-20T19:44:26","date_gmt":"2022-11-20T18:44:26","guid":{"rendered":"https:\/\/sovd-ov-husum.de\/?page_id=240"},"modified":"2023-05-21T10:47:01","modified_gmt":"2023-05-21T08:47:01","slug":"kooperation","status":"publish","type":"page","link":"https:\/\/sovd-ov-husum.de\/?page_id=240","title":{"rendered":"Kooperation"},"content":{"rendered":"\n<p><strong>Eine Mitgliedschaft im Sozialverband Deutschland bietet Ihnen viele Vorteile. Neben unserer Sozialrechtsberatung bestehen zahlreiche Kooperationen mit unterschiedlichen Unternehmen und anderen Organisationen. Ob Reisen, Einkaufen oder Vergn\u00fcgungsparks \u2013 als Mitglied im Sozialverband Schleswig-Holstein profitieren Sie von exklusiven Verg\u00fcnstigungen.<\/strong><\/p>\n\n\n\n<p><strong>Einfach SoVD-Card vorlegen und sparen!<\/strong><\/p>\n\n\n\n<p><strong>Unsere Partner:<\/strong><\/p>\n\n\n\n<ul class=\"wp-block-list\">\n<li><strong>Emil-Nolde Museum &#8211; Erm\u00e4\u00dfigung um 2 Euro auf den Eintrittspreis\u00a0<\/strong><\/li>\n\n\n\n<li><strong>Mediendom Kiel &#8211; Rabatt in H\u00f6he von 2 Euro auf den Eintrittspreis<\/strong><\/li>\n\n\n\n<li><strong>AWO Kostenloses &#8211; Erstgespr\u00e4ch in der Pflege- oder Schuldnerberatung<\/strong><\/li>\n\n\n\n<li><strong>Arche Warder &#8211; Erm\u00e4\u00dfigter Eintrittspreis<\/strong><\/li>\n\n\n\n<li><strong>Tierpark Gettorf\u00a0&#8211; Erm\u00e4\u00dfigung im Eintrittspreis, bei Gruppenreisen wird bei rechtzeitiger Anmeldung eine kostenlose F\u00fchrung angeboten<\/strong>\u00a0\u00a0\u00a0<\/li>\n\n\n\n<li><strong>Tierpark Neum\u00fcnster &#8211; Erm\u00e4\u00dfigter im Eintrittspreis<\/strong><\/li>\n\n\n\n<li><strong>Volksb\u00fchne Kiel &#8211; Erm\u00e4\u00dfigter Eintrittspreis\u00a0<\/strong><\/li>\n\n\n\n<li><strong>Tolk Schau &#8211; Erm\u00e4\u00dfigter Eintrittspreis und Verzehrgutschein\u00a0<\/strong><\/li>\n\n\n\n<li><strong>Hansa Park\u00a0&#8211; Verzehrgutschein (5 \u20ac \/ Person) bei Erwerb einer regul\u00e4ren Tageskarte<\/strong><\/li>\n\n\n\n<li><strong>Karl-May-Spiele Erm\u00e4\u00dfigter Eintrittspreis<\/strong><\/li>\n\n\n\n<li>f<strong>amila &#8211; Gutschein f\u00fcr einen Kaffee ab Einkaufswert in H\u00f6he von 25 Euro<\/strong> <strong>(erh\u00e4ltlich bei der Information<\/strong><\/li>\n<\/ul>\n","protected":false},"excerpt":{"rendered":"<p>Eine Mitgliedschaft im Sozialverband Deutschland bietet Ihnen viele Vorteile. Neben unserer Sozialrechtsberatung bestehen zahlreiche Kooperationen mit unterschiedlichen Unternehmen und anderen Organisationen. Ob Reisen, Einkaufen oder Vergn\u00fcgungsparks \u2013 als Mitglied im [&hellip;]<\/p>\n","protected":false},"author":1,"featured_media":0,"parent":0,"menu_order":0,"comment_status":"closed","ping_status":"closed","template":"","meta":{"footnotes":""},"class_list":["post-240","page","type-page","status-publish","hentry"],"_links":{"self":[{"href":"https:\/\/sovd-ov-husum.de\/index.php?rest_route=\/wp\/v2\/pages\/240","targetHints":{"allow":["GET"]}}],"collection":[{"href":"https:\/\/sovd-ov-husum.de\/index.php?rest_route=\/wp\/v2\/pages"}],"about":[{"href":"https:\/\/sovd-ov-husum.de\/index.php?rest_route=\/wp\/v2\/types\/page"}],"author":[{"embeddable":true,"href":"https:\/\/sovd-ov-husum.de\/index.php?rest_route=\/wp\/v2\/users\/1"}],"replies":[{"embeddable":true,"href":"https:\/\/sovd-ov-husum.de\/index.php?rest_route=%2Fwp%2Fv2%2Fcomments&post=240"}],"version-history":[{"count":4,"href":"https:\/\/sovd-ov-husum.de\/index.php?rest_route=\/wp\/v2\/pages\/240\/revisions"}],"predecessor-version":[{"id":493,"href":"https:\/\/sovd-ov-husum.de\/index.php?rest_route=\/wp\/v2\/pages\/240\/revisions\/493"}],"wp:attachment":[{"href":"https:\/\/sovd-ov-husum.de\/index.php?rest_route=%2Fwp%2Fv2%2Fmedia&parent=240"}],"curies":[{"name":"wp","href":"https:\/\/api.w.org\/{rel}","templated":true}]}}