{"id":472,"date":"2024-04-11T19:52:14","date_gmt":"2024-04-11T17:52:14","guid":{"rendered":"https:\/\/sovd-ov-husum.de\/?page_id=472"},"modified":"2024-04-26T17:54:50","modified_gmt":"2024-04-26T15:54:50","slug":"formulare","status":"publish","type":"page","link":"https:\/\/sovd-ov-husum.de\/?page_id=472","title":{"rendered":"Formulare"},"content":{"rendered":"\n<p>Die Dokumente k\u00f6nnen Sie ganz einfach herunterladen.&nbsp;<\/p>\n\n\n\n<p>Ein wichtiger Hinweis: Um pdf-Formulare direkt am Bildschirm ausf\u00fcllen zu k\u00f6nnen, speichern Sie die Datei\u00a0zuvor bitte auf Ihrem Rechner und \u00f6ffnen diese\u00a0anschlie\u00dfend mit dem kostenlos erh\u00e4ltlichen Acrobat Reader. [Quelle: <a href=\"https:\/\/www.sovd.de\/medienservice\/broschueren\">https:\/\/www.sovd.de\/medienservice\/broschueren<\/a>] <\/p>\n\n\n\n<p><a href=\"https:\/\/sovd-ov-husum.de\/wp-content\/uploads\/2024\/04\/sovd-beitrittsformular2024.pdf\" data-type=\"attachment\" data-id=\"417\">SoVD Beitrittsformular ab 2024<\/a> (Online) <\/p>\n\n\n\n<p><a href=\"https:\/\/sovd-ov-husum.de\/wp-content\/uploads\/2024\/04\/FORM_SoVD-SEPA-Lastschrift_2024.pdf\" data-type=\"attachment\" data-id=\"417\">SoVD SEPA Lastschrift ab 2024<\/a><\/p>\n\n\n\n<p>Das folgende Beitrittsformular k\u00f6nnen Sie sich herunterladen, ausdrucken und dann ausf\u00fcllen<\/p>\n\n\n\n<p><a href=\"https:\/\/sovd-ov-husum.de\/wp-content\/uploads\/2024\/04\/Mitgliedsantrag-ausfuellen.pdf\" data-type=\"attachment\" data-id=\"479\">SoVD Beitrittsformular ab 2024 (ausf\u00fcllen)<\/a><\/p>\n","protected":false},"excerpt":{"rendered":"<p>Die Dokumente k\u00f6nnen Sie ganz einfach herunterladen.&nbsp; Ein wichtiger Hinweis: Um pdf-Formulare direkt am Bildschirm ausf\u00fcllen zu k\u00f6nnen, speichern Sie die Datei\u00a0zuvor bitte auf Ihrem Rechner und \u00f6ffnen diese\u00a0anschlie\u00dfend mit [&hellip;]<\/p>\n","protected":false},"author":1,"featured_media":0,"parent":0,"menu_order":0,"comment_status":"closed","ping_status":"closed","template":"","meta":{"footnotes":""},"class_list":["post-472","page","type-page","status-publish","hentry"],"_links":{"self":[{"href":"https:\/\/sovd-ov-husum.de\/index.php?rest_route=\/wp\/v2\/pages\/472","targetHints":{"allow":["GET"]}}],"collection":[{"href":"https:\/\/sovd-ov-husum.de\/index.php?rest_route=\/wp\/v2\/pages"}],"about":[{"href":"https:\/\/sovd-ov-husum.de\/index.php?rest_route=\/wp\/v2\/types\/page"}],"author":[{"embeddable":true,"href":"https:\/\/sovd-ov-husum.de\/index.php?rest_route=\/wp\/v2\/users\/1"}],"replies":[{"embeddable":true,"href":"https:\/\/sovd-ov-husum.de\/index.php?rest_route=%2Fwp%2Fv2%2Fcomments&post=472"}],"version-history":[{"count":6,"href":"https:\/\/sovd-ov-husum.de\/index.php?rest_route=\/wp\/v2\/pages\/472\/revisions"}],"predecessor-version":[{"id":487,"href":"https:\/\/sovd-ov-husum.de\/index.php?rest_route=\/wp\/v2\/pages\/472\/revisions\/487"}],"wp:attachment":[{"href":"https:\/\/sovd-ov-husum.de\/index.php?rest_route=%2Fwp%2Fv2%2Fmedia&parent=472"}],"curies":[{"name":"wp","href":"https:\/\/api.w.org\/{rel}","templated":true}]}}